{"id":1217,"date":"2020-01-14T11:03:58","date_gmt":"2020-01-14T11:03:58","guid":{"rendered":"http:\/\/www.holzhandwerk.org\/?page_id=1217"},"modified":"2026-02-17T14:10:53","modified_gmt":"2026-02-17T14:10:53","slug":"leistungen-2","status":"publish","type":"page","link":"https:\/\/www.holzhandwerk.org\/?page_id=1217","title":{"rendered":"Leistungen"},"content":{"rendered":"<div class=\"fusion-fullwidth fullwidth-box fusion-builder-row-1 nonhundred-percent-fullwidth non-hundred-percent-height-scrolling\" style=\"background-color: rgba(255,255,255,0);background-position: center center;background-repeat: no-repeat;padding-top:0px;padding-right:30px;padding-bottom:0px;padding-left:30px;margin-bottom: 0px;margin-top: 0px;border-width: 0px 0px 0px 0px;border-color:#eae9e9;border-style:solid;\" ><div class=\"fusion-builder-row fusion-row\"><div class=\"fusion-layout-column fusion_builder_column fusion-builder-column-0 fusion_builder_column_1_1 1_1 fusion-one-full fusion-column-first fusion-column-last\" style=\"margin-top:0px;margin-bottom:20px;\"><div class=\"fusion-column-wrapper fusion-flex-column-wrapper-legacy\" style=\"background-position:left top;background-repeat:no-repeat;-webkit-background-size:cover;-moz-background-size:cover;-o-background-size:cover;background-size:cover;padding: 0px 0px 0px 0px;\"><div class=\"fusion-text fusion-text-1\" style=\"transform:translate3d(0,0,0);\"><div id=\"pl-14\" class=\"panel-layout\">\n<div id=\"pg-14-0\" class=\"panel-grid panel-no-style\">\n<div id=\"pgc-14-0-0\" class=\"panel-grid-cell\" data-weight=\"1\">\n<div id=\"panel-14-0-0-0\" class=\"so-panel widget widget_sow-editor panel-first-child panel-last-child\" data-index=\"0\" data-style=\"{\">\n<div class=\"so-widget-sow-editor so-widget-sow-editor-base\">\n<div class=\"siteorigin-widget-tinymce textwidget\">\n<p><img decoding=\"async\" class=\"alignleft wp-image-1180\" src=\"https:\/\/www.holzhandwerk.org\/wp-content\/uploads\/2020\/01\/IllustrationLeistungen.jpg\" alt=\"\" width=\"406\" height=\"567\" \/><\/p>\n<p>Energieberatung, f\u00fcr f\u00f6rderf\u00e4hige Sanierung oder Neubau.<\/p>\n<p>Planung und Realisierung s\u00e4mticher Zimmerei- und Holzbauarbeiten in und um Hamburg.<\/p>\n<p>Z.B: Energetische Sanierung Ihres Daches, inklusive aller Dachdecker- und Klempnerarbeiten, Gauben, Vord\u00e4cher, Dachfenster, Carports.<\/p>\n<p>Dachstuhl mit Unterdach, D\u00e4mmung, Eindeckung und Dachrinne.<\/p>\n<p>Fassaden Verkleidung aus Holz in z.B. Rhombusleiste, Stulp- oder Bodendeckelschalung.<\/p>\n<p>Klempnerarbeiten in Zink, Kupfer, Aluminnium- oder Edelstahlblech.<\/p>\n<p>Anbauten &amp; Aufstockungen in Holzrahmenbauweise.<\/p>\n<p>Dachgeschossausbau, Trockenbau<\/p>\n<p>Lieferung und Montage von Fenstern und T\u00fcren aus Holz oder Kunststoff nach Ma\u00df.<\/p>\n<p>Holzterrassen aus dauerhaften H\u00f6lzern wie z.B. Robinie, L\u00e4rche, Bangkirai.<\/p>\n<p>Sanierungs- und Restaurationsarbeiten an Balkenlage, Dachstuhl oder Fachwerk.<\/p>\n<hr align=\"left\" noshade=\"noshade\" size=\"3\" \/><\/div>\n<\/div>\n<\/div>\n<\/div>\n<\/div>\n<\/div>\n<\/div><div class=\"fusion-clearfix\"><\/div><\/div><\/div><\/div><\/div>\n","protected":false},"excerpt":{"rendered":"","protected":false},"author":1,"featured_media":0,"parent":0,"menu_order":0,"comment_status":"closed","ping_status":"closed","template":"","meta":{"footnotes":""},"class_list":["post-1217","page","type-page","status-publish","hentry"],"_links":{"self":[{"href":"https:\/\/www.holzhandwerk.org\/index.php?rest_route=\/wp\/v2\/pages\/1217","targetHints":{"allow":["GET"]}}],"collection":[{"href":"https:\/\/www.holzhandwerk.org\/index.php?rest_route=\/wp\/v2\/pages"}],"about":[{"href":"https:\/\/www.holzhandwerk.org\/index.php?rest_route=\/wp\/v2\/types\/page"}],"author":[{"embeddable":true,"href":"https:\/\/www.holzhandwerk.org\/index.php?rest_route=\/wp\/v2\/users\/1"}],"replies":[{"embeddable":true,"href":"https:\/\/www.holzhandwerk.org\/index.php?rest_route=%2Fwp%2Fv2%2Fcomments&post=1217"}],"version-history":[{"count":13,"href":"https:\/\/www.holzhandwerk.org\/index.php?rest_route=\/wp\/v2\/pages\/1217\/revisions"}],"predecessor-version":[{"id":1664,"href":"https:\/\/www.holzhandwerk.org\/index.php?rest_route=\/wp\/v2\/pages\/1217\/revisions\/1664"}],"wp:attachment":[{"href":"https:\/\/www.holzhandwerk.org\/index.php?rest_route=%2Fwp%2Fv2%2Fmedia&parent=1217"}],"curies":[{"name":"wp","href":"https:\/\/api.w.org\/{rel}","templated":true}]}}