{"id":1164,"date":"2019-07-24T08:19:31","date_gmt":"2019-07-24T08:19:31","guid":{"rendered":"http:\/\/www.holzhandwerk.org\/?page_id=1164"},"modified":"2020-01-13T10:10:45","modified_gmt":"2020-01-13T10:10:45","slug":"klima","status":"publish","type":"page","link":"https:\/\/www.holzhandwerk.org\/?page_id=1164","title":{"rendered":"Nachhaltigkeit"},"content":{"rendered":"<p><div class=\"fusion-fullwidth fullwidth-box fusion-builder-row-1 nonhundred-percent-fullwidth non-hundred-percent-height-scrolling\" style=\"background-color: rgba(255,255,255,0);background-position: center center;background-repeat: no-repeat;padding-top:0px;padding-right:30px;padding-bottom:0px;padding-left:30px;margin-bottom: 0px;margin-top: 0px;border-width: 0px 0px 0px 0px;border-color:#eae9e9;border-style:solid;\" ><div class=\"fusion-builder-row fusion-row\"><div class=\"fusion-layout-column fusion_builder_column fusion-builder-column-0 fusion_builder_column_1_1 1_1 fusion-one-full fusion-column-first fusion-column-last\" style=\"margin-top:0px;margin-bottom:20px;\"><div class=\"fusion-column-wrapper fusion-flex-column-wrapper-legacy\" style=\"background-position:left top;background-repeat:no-repeat;-webkit-background-size:cover;-moz-background-size:cover;-o-background-size:cover;background-size:cover;padding: 0px 0px 0px 0px;\"><div class=\"fusion-clearfix\"><\/div><\/div><\/div><\/div><\/div><div class=\"fusion-fullwidth fullwidth-box fusion-builder-row-2 nonhundred-percent-fullwidth non-hundred-percent-height-scrolling\" style=\"background-color: rgba(255,255,255,0);background-position: center center;background-repeat: no-repeat;padding-top:0px;padding-right:30px;padding-bottom:0px;padding-left:30px;margin-bottom: 0px;margin-top: 0px;border-width: 0px 0px 0px 0px;border-color:#eae9e9;border-style:solid;\" ><div class=\"fusion-builder-row fusion-row\"><div class=\"fusion-layout-column fusion_builder_column fusion-builder-column-1 fusion_builder_column_1_1 1_1 fusion-one-full fusion-column-first fusion-column-last\" style=\"margin-top:0px;margin-bottom:0px;\"><div class=\"fusion-column-wrapper fusion-flex-column-wrapper-legacy\" style=\"background-position:left top;background-repeat:no-repeat;-webkit-background-size:cover;-moz-background-size:cover;-o-background-size:cover;background-size:cover;padding: 0px 0px 0px 0px;\"><div class=\"fusion-text fusion-text-1\" style=\"transform:translate3d(0,0,0);\"><h4>Nachhaltigkeit, Klimaschutz und <span class=\"LrzXr kno-fv\">CO<sub>2<\/sub><\/span> Vermeidung sind uns Wichtig!<\/h4>\n<p>Daher versuchen wir bei unserer Arbeit die Emissionen so gering wie m\u00f6glich zu halten. Seit 2016 steht f\u00fcr die kleineren Eins\u00e4tze ein<span style=\"color: #ec008c;\"> <a style=\"color: #ec008c;\" href=\"https:\/\/www.holzhandwerk.org\/wp-content\/uploads\/2020\/01\/20171213_102520.jpg\" target=\"_blank\" rel=\"noopener noreferrer\">Lastenrad<\/a><\/span> zur Verf\u00fcgung.<\/p>\n<p>Auch unsere Beratung wird immer die Nachhaltigkeit einer Ausf\u00fchrung ber\u00fccksichtigen.<\/p>\n<p>Nachhaltig ist ein Bauwerk wenn es unter dieser Pr\u00e4misse produziert und errichtet wurde, vor Allem aber durch seine Langlebigkeit.<\/p>\n<p>Vor diesem Hintergrund werden wir Sie gerne bei Ihrem Vorhaben beraten.<\/p>\n<p>Wir arbeiten mit Produkten von bzw. zertifiziert durch:<\/p>\n<hr>\n<p><a href=\"https:\/\/www.naturstrom.de\" target=\"_blank\" rel=\"noopener noreferrer\"><img decoding=\"async\" class=\"img-responsive alignright\" title=\"NATURSTROM AG\" src=\"https:\/\/www.naturstrom.de\/fileadmin\/templates\/images\/nsh_logo.png\" alt=\"NATURSTROM AG\" width=\"285\" height=\"66\"><\/a><\/p>\n<p>&nbsp;<\/p>\n<p><a href=\"https:\/\/www.gls.de\" target=\"_blank\" rel=\"noopener noreferrer\"><img decoding=\"async\" class=\"logo__image alignleft\" title=\"GLS Bank - das macht Sinn\" src=\"https:\/\/www.gls.de\/assets\/dist\/img\/content\/gls_bank_das_macht_sinn.svg\" alt=\"GLS Bank - das macht Sinn\" width=\"286\" height=\"89\"><\/a><\/p>\n<p><a href=\"https:\/\/www.steico.com\/\" target=\"_blank\" rel=\"noopener noreferrer\"><img decoding=\"async\" class=\"\" title=\"STEICO - Das Naturbausystem\" src=\"https:\/\/www.steico.com\/fileadmin\/steico\/system\/img\/steico-logo-de.gif\" alt=\"STEICO - Das Naturbausystem\" width=\"286\" height=\"140\"><\/a><\/p>\n<p><a href=\"https:\/\/www.fsc-deutschland.de\/de-de\"><img decoding=\"async\" class=\"rg_ic rg_i alignnone\" src=\"https:\/\/encrypted-tbn0.gstatic.com\/images?q=tbn:ANd9GcQeco4zfLwiIsb4tNL6zwJ310IjAwnrUcK22dcp86D6zaxI0EE1EA&amp;s\" alt=\"Bildergebnis f\u00fcr fsc\" data-src=\"https:\/\/encrypted-tbn0.gstatic.com\/images?q=tbn:ANd9GcQeco4zfLwiIsb4tNL6zwJ310IjAwnrUcK22dcp86D6zaxI0EE1EA&amp;s\"><\/a><\/p>\n<p><a href=\"https:\/\/pefc.de\/\"><img decoding=\"async\" class=\"irc_mi aligncenter\" src=\"https:\/\/upload.wikimedia.org\/wikipedia\/commons\/thumb\/c\/c1\/PEFC_Logo.svg\/1200px-PEFC_Logo.svg.png\" alt=\"Bildergebnis f\u00fcr PEFC\" width=\"165\" height=\"187\"><\/a><\/p>\n<\/div><div class=\"fusion-clearfix\"><\/div><\/div><\/div><\/div><\/div><\/p>\n","protected":false},"excerpt":{"rendered":"","protected":false},"author":1,"featured_media":0,"parent":0,"menu_order":0,"comment_status":"closed","ping_status":"closed","template":"","meta":{"footnotes":""},"class_list":["post-1164","page","type-page","status-publish","hentry"],"_links":{"self":[{"href":"https:\/\/www.holzhandwerk.org\/index.php?rest_route=\/wp\/v2\/pages\/1164","targetHints":{"allow":["GET"]}}],"collection":[{"href":"https:\/\/www.holzhandwerk.org\/index.php?rest_route=\/wp\/v2\/pages"}],"about":[{"href":"https:\/\/www.holzhandwerk.org\/index.php?rest_route=\/wp\/v2\/types\/page"}],"author":[{"embeddable":true,"href":"https:\/\/www.holzhandwerk.org\/index.php?rest_route=\/wp\/v2\/users\/1"}],"replies":[{"embeddable":true,"href":"https:\/\/www.holzhandwerk.org\/index.php?rest_route=%2Fwp%2Fv2%2Fcomments&post=1164"}],"version-history":[{"count":21,"href":"https:\/\/www.holzhandwerk.org\/index.php?rest_route=\/wp\/v2\/pages\/1164\/revisions"}],"predecessor-version":[{"id":1194,"href":"https:\/\/www.holzhandwerk.org\/index.php?rest_route=\/wp\/v2\/pages\/1164\/revisions\/1194"}],"wp:attachment":[{"href":"https:\/\/www.holzhandwerk.org\/index.php?rest_route=%2Fwp%2Fv2%2Fmedia&parent=1164"}],"curies":[{"name":"wp","href":"https:\/\/api.w.org\/{rel}","templated":true}]}}