{"id":11,"date":"2014-12-25T15:48:20","date_gmt":"2014-12-25T15:48:20","guid":{"rendered":"http:\/\/www.holzhandwerk.org\/?page_id=11"},"modified":"2026-02-17T14:34:56","modified_gmt":"2026-02-17T14:34:56","slug":"profil","status":"publish","type":"page","link":"https:\/\/www.holzhandwerk.org\/?page_id=11","title":{"rendered":"Profil"},"content":{"rendered":"<div id=\"pl-11\"  class=\"panel-layout\" ><div id=\"pg-11-0\"  class=\"panel-grid panel-no-style\" ><div id=\"pgc-11-0-0\"  class=\"panel-grid-cell\" ><div id=\"panel-11-0-0-0\" class=\"so-panel widget widget_sow-editor panel-first-child panel-last-child\" data-index=\"0\" ><div\n\t\t\t\n\t\t\tclass=\"so-widget-sow-editor so-widget-sow-editor-base\"\n\t\t\t\n\t\t>\n<div class=\"siteorigin-widget-tinymce textwidget\">\n\t<div class=\"fusion-fullwidth fullwidth-box fusion-builder-row-1 nonhundred-percent-fullwidth non-hundred-percent-height-scrolling\" style=\"background-color: rgba(255,255,255,0);background-position: center center;background-repeat: no-repeat;padding-top:0px;padding-right:30px;padding-bottom:0px;padding-left:30px;margin-bottom: 0px;margin-top: 0px;border-width: 0px 0px 0px 0px;border-color:#eae9e9;border-style:solid;\" ><div class=\"fusion-builder-row fusion-row\"><div class=\"fusion-layout-column fusion_builder_column fusion-builder-column-0 fusion_builder_column_1_1 1_1 fusion-one-full fusion-column-first fusion-column-last\" style=\"margin-top:0px;margin-bottom:0px;\"><div class=\"fusion-column-wrapper fusion-flex-column-wrapper-legacy\" style=\"background-position:left top;background-repeat:no-repeat;-webkit-background-size:cover;-moz-background-size:cover;-o-background-size:cover;background-size:cover;padding: 0px 0px 0px 0px;\"><div class=\"fusion-text fusion-text-1\" style=\"transform:translate3d(0,0,0);\"><p><img decoding=\"async\" class=\"alignleft wp-image-1244\" src=\"https:\/\/www.holzhandwerk.org\/wp-content\/uploads\/2020\/02\/Freistellerweb-copy.jpg\" alt=\"\" width=\"360\" height=\"541\" srcset=\"https:\/\/www.holzhandwerk.org\/wp-content\/uploads\/2020\/02\/Freistellerweb-copy-200x300.jpg 200w, https:\/\/www.holzhandwerk.org\/wp-content\/uploads\/2020\/02\/Freistellerweb-copy.jpg 400w\" sizes=\"(max-width: 360px) 100vw, 360px\" \/>Seit 2008 ist Holzhandwerk-Busch im Bereich Beratung, Planung und Ausf\u00fchrung von Zimmerei- und Dacharbeiten zuverl\u00e4ssiger Partner f\u00fcr seine Kunden im Raum Hamburg.<\/p>\n<p>Um auch Sie zu unseren zufriedenen Kunden z\u00e4hlen zu k\u00f6nnen, nehmen Sie einfach <span style=\"color: #ec008c;\"><a style=\"color: #ec008c;\" title=\"Kontakt\" href=\"https:\/\/www.holzhandwerk.org\/?page_id=29\">Kontakt<\/a> <\/span>mit uns auf und vereinbaren ein unverbindliches Beratungsgespr\u00e4ch.<\/p>\n<p>Der Schl\u00fcssel f\u00fcr dauerhafte Leistungen auf h\u00f6chstem Niveau, ist die Hingabe zur Sache und die stetige Weiterentwicklung von Kompetenzen.<\/p>\n<p>Holzhandwerk-Busch wird betrieben von Hannes Busch, Meister im Zimmererhandwerk und Dipl. Holzwirt.<\/p>\n<p>2025\u00a0 \u00a0 Energieberater (Eintragung in EEE-Liste), \u00d6kozentrum NRW<\/p>\n<p>2023 - 2024 Zimmerer Meister, Online-Meisterschule<\/p>\n<p>2019 - 2020 Fachkraft f\u00fcr Klempnertechnik, SHK Innung Hamburg<\/p>\n<p>2009 FISAT Ausbildung in Seilzugangstechnik f\u00fcr H\u00f6henarbeiten<\/p>\n<p style=\"text-align: left;\">2008 - Heute Selbstst\u00e4ndig mit Holzhandwerk Busch<\/p>\n<p style=\"text-align: left;\">2001 - 2007 Abschluss Diplomstudiengang in Holzwirtschaft, Universit\u00e4t Hamburg<\/p>\n<p style=\"text-align: left;\">1998 - 2001 Zimmerer Geselle<\/p>\n<hr align=\"left\" noshade=\"noshade\" size=\"3\" \/>\n<\/div><div class=\"fusion-clearfix\"><\/div><\/div><\/div><\/div><\/div>\n<\/div>\n<\/div><\/div><\/div><\/div><\/div>","protected":false},"excerpt":{"rendered":"<p>Seit 2008 ist Holzhandwerk-Busch im Bereich Beratung, Planung und Ausf\u00fchrung von Zimmerei- und Dacharbeiten zuverl\u00e4ssiger Partner f\u00fcr seine Kunden im Raum Hamburg. Um auch Sie zu unseren zufriedenen Kunden z\u00e4hlen zu k\u00f6nnen, nehmen Sie einfach Kontakt mit uns auf und vereinbaren ein unverbindliches Beratungsgespr\u00e4ch. Der Schl\u00fcssel f\u00fcr dauerhafte Leistungen auf h\u00f6chstem Niveau, ist die Hingabe [&hellip;]<\/p>\n","protected":false},"author":1,"featured_media":0,"parent":0,"menu_order":0,"comment_status":"closed","ping_status":"closed","template":"","meta":{"footnotes":""},"class_list":["post-11","page","type-page","status-publish","hentry"],"_links":{"self":[{"href":"https:\/\/www.holzhandwerk.org\/index.php?rest_route=\/wp\/v2\/pages\/11","targetHints":{"allow":["GET"]}}],"collection":[{"href":"https:\/\/www.holzhandwerk.org\/index.php?rest_route=\/wp\/v2\/pages"}],"about":[{"href":"https:\/\/www.holzhandwerk.org\/index.php?rest_route=\/wp\/v2\/types\/page"}],"author":[{"embeddable":true,"href":"https:\/\/www.holzhandwerk.org\/index.php?rest_route=\/wp\/v2\/users\/1"}],"replies":[{"embeddable":true,"href":"https:\/\/www.holzhandwerk.org\/index.php?rest_route=%2Fwp%2Fv2%2Fcomments&post=11"}],"version-history":[{"count":62,"href":"https:\/\/www.holzhandwerk.org\/index.php?rest_route=\/wp\/v2\/pages\/11\/revisions"}],"predecessor-version":[{"id":1669,"href":"https:\/\/www.holzhandwerk.org\/index.php?rest_route=\/wp\/v2\/pages\/11\/revisions\/1669"}],"wp:attachment":[{"href":"https:\/\/www.holzhandwerk.org\/index.php?rest_route=%2Fwp%2Fv2%2Fmedia&parent=11"}],"curies":[{"name":"wp","href":"https:\/\/api.w.org\/{rel}","templated":true}]}}